{"id":96,"date":"2020-11-26T20:19:20","date_gmt":"2020-11-26T20:19:20","guid":{"rendered":"http:\/\/design.albidesign.de\/?page_id=96"},"modified":"2020-11-26T20:50:48","modified_gmt":"2020-11-26T20:50:48","slug":"folieplott","status":"publish","type":"page","link":"http:\/\/design.albidesign.de\/?page_id=96","title":{"rendered":"Folienzuschnitt"},"content":{"rendered":"\n<pre class=\"wp-block-preformatted\">albidesign.de bietet Ihnen individuelle Foliengestaltung:\n\n- Sie m\u00f6chten ein individuelles Wand-Tattoo \u2026\n- Sie ben\u00f6tigen ihr Firmenlogo als Aufkleber \u2026\n- Sie ben\u00f6tigen einen Adressaufkleber f\u00fcr ihr\nGeb\u00e4ude \u2026\n- Sie m\u00f6chten Ihre Hausnummer kreativ gestalten\u2026\n- Sie m\u00f6chten ihr Produkt\/Anlage\/Maschine\nindividualisieren oder kennzeichnen \u2026\n- Sie haben eine Idee f\u00fcr ihre\nn\u00e4chste Veranstaltung \u2026\n- Sie ben\u00f6tigen kurzfristig eine Umsetzung \u2026.\n\n\u2026 albidesign.de bietet ihnen ma\u00dfgeschneiderte\nL\u00f6sungen \u2013 flexibel und schnell!\n\nSchreiben sie uns eine Mail mit ihrem Motiv,\nWunschgr\u00f6\u00dfe und gew\u00fcnschter Auflage.\nGerne auch ihren bereits erstellten Entwurf\noder Ihre Idee.\n\nWir setzen uns umgehend mit Ihnen in Verbindung.<\/pre>\n","protected":false},"excerpt":{"rendered":"<p>albidesign.de bietet Ihnen individuelle Foliengestaltung: &#8211; Sie m\u00f6chten ein individuelles Wand-Tattoo \u2026 &#8211; Sie ben\u00f6tigen ihr Firmenlogo als Aufkleber \u2026 &#8211; Sie ben\u00f6tigen einen Adressaufkleber f\u00fcr ihr Geb\u00e4ude \u2026 &#8211; Sie m\u00f6chten Ihre Hausnummer kreativ gestalten\u2026 &#8211; Sie m\u00f6chten ihr Produkt\/Anlage\/Maschine individualisieren oder kennzeichnen \u2026 &#8211; Sie haben eine Idee f\u00fcr ihre n\u00e4chste Veranstaltung \u2026 &hellip; <\/p>\n<p class=\"link-more\"><a href=\"http:\/\/design.albidesign.de\/?page_id=96\" class=\"more-link\"><span class=\"screen-reader-text\">\u201eFolienzuschnitt\u201c<\/span> weiterlesen<\/a><\/p>\n","protected":false},"author":1,"featured_media":0,"parent":0,"menu_order":0,"comment_status":"closed","ping_status":"closed","template":"","meta":[],"_links":{"self":[{"href":"http:\/\/design.albidesign.de\/index.php?rest_route=\/wp\/v2\/pages\/96"}],"collection":[{"href":"http:\/\/design.albidesign.de\/index.php?rest_route=\/wp\/v2\/pages"}],"about":[{"href":"http:\/\/design.albidesign.de\/index.php?rest_route=\/wp\/v2\/types\/page"}],"author":[{"embeddable":true,"href":"http:\/\/design.albidesign.de\/index.php?rest_route=\/wp\/v2\/users\/1"}],"replies":[{"embeddable":true,"href":"http:\/\/design.albidesign.de\/index.php?rest_route=%2Fwp%2Fv2%2Fcomments&post=96"}],"version-history":[{"count":4,"href":"http:\/\/design.albidesign.de\/index.php?rest_route=\/wp\/v2\/pages\/96\/revisions"}],"predecessor-version":[{"id":122,"href":"http:\/\/design.albidesign.de\/index.php?rest_route=\/wp\/v2\/pages\/96\/revisions\/122"}],"wp:attachment":[{"href":"http:\/\/design.albidesign.de\/index.php?rest_route=%2Fwp%2Fv2%2Fmedia&parent=96"}],"curies":[{"name":"wp","href":"https:\/\/api.w.org\/{rel}","templated":true}]}}