{"id":59,"date":"2019-09-24T17:39:01","date_gmt":"2019-09-24T17:39:01","guid":{"rendered":"http:\/\/design.albidesign.de\/?page_id=59"},"modified":"2020-11-26T20:57:34","modified_gmt":"2020-11-26T20:57:34","slug":"dienstleistungen","status":"publish","type":"page","link":"http:\/\/design.albidesign.de\/?page_id=59","title":{"rendered":"Dienstleistungen"},"content":{"rendered":"\n<pre class=\"wp-block-preformatted\"><strong>Rollger\u00fcst-Verleih<\/strong>\n\nArbeitsh\u00f6he ca. 5,50-6,00 m.\nMa\u00dfe 190x65 LxB\n\nIdeal f\u00fcr kleinere Reparaturen am Haus.\nAuch f\u00fcr Events (Werbeanbringung, Fahnen usw.) geeignet.\n\nLieferung nach Absprache m\u00f6glich.\n\nPreis nach Absprache, je nach Einsatzdauer.\nAuch einzelne Tage sind m\u00f6glich.<\/pre>\n\n\n\n<ul class=\"wp-block-gallery columns-3 is-cropped\"><li class=\"blocks-gallery-item\"><figure><img loading=\"lazy\" width=\"768\" height=\"1024\" src=\"http:\/\/design.albidesign.de\/wp-content\/uploads\/2020\/11\/ca6b0c47-dd67-4492-b104-8e2b4633fe63-768x1024.jpg\" alt=\"\" data-id=\"119\" data-link=\"http:\/\/design.albidesign.de\/?attachment_id=119\" class=\"wp-image-119\" srcset=\"http:\/\/design.albidesign.de\/wp-content\/uploads\/2020\/11\/ca6b0c47-dd67-4492-b104-8e2b4633fe63-768x1024.jpg 768w, http:\/\/design.albidesign.de\/wp-content\/uploads\/2020\/11\/ca6b0c47-dd67-4492-b104-8e2b4633fe63-225x300.jpg 225w, http:\/\/design.albidesign.de\/wp-content\/uploads\/2020\/11\/ca6b0c47-dd67-4492-b104-8e2b4633fe63.jpg 1200w\" sizes=\"(max-width: 706px) 89vw, (max-width: 767px) 82vw, 740px\" \/><\/figure><\/li><li class=\"blocks-gallery-item\"><figure><img loading=\"lazy\" width=\"1024\" height=\"768\" src=\"http:\/\/design.albidesign.de\/wp-content\/uploads\/2020\/11\/IMG_6891-1024x768.jpg\" alt=\"\" data-id=\"120\" data-link=\"http:\/\/design.albidesign.de\/?attachment_id=120\" class=\"wp-image-120\" srcset=\"http:\/\/design.albidesign.de\/wp-content\/uploads\/2020\/11\/IMG_6891-1024x768.jpg 1024w, http:\/\/design.albidesign.de\/wp-content\/uploads\/2020\/11\/IMG_6891-300x225.jpg 300w, http:\/\/design.albidesign.de\/wp-content\/uploads\/2020\/11\/IMG_6891-768x576.jpg 768w\" sizes=\"(max-width: 706px) 89vw, (max-width: 767px) 82vw, 740px\" \/><\/figure><\/li><li class=\"blocks-gallery-item\"><figure><img src=\"http:\/\/design.albidesign.de\/wp-content\/uploads\/2020\/11\/6157e6c5-3a56-41cd-88b8-7095bb78b4b9-1-768x1024.jpg\" alt=\"\" data-id=\"124\" data-link=\"http:\/\/design.albidesign.de\/?attachment_id=124\" class=\"wp-image-124\"\/><\/figure><\/li><\/ul>\n","protected":false},"excerpt":{"rendered":"<p>Rollger\u00fcst-Verleih Arbeitsh\u00f6he ca. 5,50-6,00 m. Ma\u00dfe 190&#215;65 LxB Ideal f\u00fcr kleinere Reparaturen am Haus. Auch f\u00fcr Events (Werbeanbringung, Fahnen usw.) geeignet. Lieferung nach Absprache m\u00f6glich. Preis nach Absprache, je nach Einsatzdauer. Auch einzelne Tage sind m\u00f6glich.<\/p>\n","protected":false},"author":1,"featured_media":0,"parent":0,"menu_order":0,"comment_status":"closed","ping_status":"closed","template":"","meta":[],"_links":{"self":[{"href":"http:\/\/design.albidesign.de\/index.php?rest_route=\/wp\/v2\/pages\/59"}],"collection":[{"href":"http:\/\/design.albidesign.de\/index.php?rest_route=\/wp\/v2\/pages"}],"about":[{"href":"http:\/\/design.albidesign.de\/index.php?rest_route=\/wp\/v2\/types\/page"}],"author":[{"embeddable":true,"href":"http:\/\/design.albidesign.de\/index.php?rest_route=\/wp\/v2\/users\/1"}],"replies":[{"embeddable":true,"href":"http:\/\/design.albidesign.de\/index.php?rest_route=%2Fwp%2Fv2%2Fcomments&post=59"}],"version-history":[{"count":3,"href":"http:\/\/design.albidesign.de\/index.php?rest_route=\/wp\/v2\/pages\/59\/revisions"}],"predecessor-version":[{"id":128,"href":"http:\/\/design.albidesign.de\/index.php?rest_route=\/wp\/v2\/pages\/59\/revisions\/128"}],"wp:attachment":[{"href":"http:\/\/design.albidesign.de\/index.php?rest_route=%2Fwp%2Fv2%2Fmedia&parent=59"}],"curies":[{"name":"wp","href":"https:\/\/api.w.org\/{rel}","templated":true}]}}