{"id":101,"date":"2020-11-26T20:28:36","date_gmt":"2020-11-26T20:28:36","guid":{"rendered":"http:\/\/design.albidesign.de\/?page_id=101"},"modified":"2021-10-01T13:49:23","modified_gmt":"2021-10-01T13:49:23","slug":"flexfolien","status":"publish","type":"page","link":"http:\/\/design.albidesign.de\/?page_id=101","title":{"rendered":"Flexfolien"},"content":{"rendered":"\n<pre class=\"wp-block-preformatted\">albidesign.de erstellt Ihnen individuelle Textilbeschriftungen:\n\n- Sie m\u00f6chten ein individuelles T-Shirt \u2026\n- Sie ben\u00f6tigen ihr Firmenlogo als Beflockung\u2026\n- Sie ben\u00f6tigen eine Individualisierung ihrer Arbeitskleidung...\n- Sie haben eine Idee f\u00fcr ihre n\u00e4chste Veranstaltung \u2026\n- Sie brauchen dringend ein kreatives Geschenk...\n- Sie ben\u00f6tigen kurzfristig eine Umsetzung \u2026.\n\n\u2026 albidesign.de bietet ihnen ma\u00dfgeschneiderte\nL\u00f6sungen \u2013 flexibel und schnell!\n\nSchreiben sie uns eine Mail mit ihrem Motiv,\nWunschgr\u00f6\u00dfe und gew\u00fcnschter Auflage.\nGerne auch ihren bereits erstellten Entwurf\noder Ihre Idee.\n\nWir setzen uns umgehend mit Ihnen in Verbindung.<\/pre>\n\n\n\n<figure class=\"wp-block-gallery aligncenter columns-2 is-cropped\"><ul class=\"blocks-gallery-grid\"><li class=\"blocks-gallery-item\"><figure><img loading=\"lazy\" width=\"1024\" height=\"768\" src=\"http:\/\/design.albidesign.de\/wp-content\/uploads\/2020\/11\/IMG_7581-1024x768.jpg\" alt=\"\" data-id=\"112\" data-link=\"http:\/\/design.albidesign.de\/?attachment_id=112\" class=\"wp-image-112\" srcset=\"http:\/\/design.albidesign.de\/wp-content\/uploads\/2020\/11\/IMG_7581-1024x768.jpg 1024w, http:\/\/design.albidesign.de\/wp-content\/uploads\/2020\/11\/IMG_7581-300x225.jpg 300w, http:\/\/design.albidesign.de\/wp-content\/uploads\/2020\/11\/IMG_7581-768x576.jpg 768w\" sizes=\"(max-width: 706px) 89vw, (max-width: 767px) 82vw, 740px\" \/><\/figure><\/li><li class=\"blocks-gallery-item\"><figure><img loading=\"lazy\" width=\"1024\" height=\"768\" src=\"http:\/\/design.albidesign.de\/wp-content\/uploads\/2020\/11\/IMG_7580-1024x768.jpg\" alt=\"\" data-id=\"111\" data-link=\"http:\/\/design.albidesign.de\/?attachment_id=111\" class=\"wp-image-111\" srcset=\"http:\/\/design.albidesign.de\/wp-content\/uploads\/2020\/11\/IMG_7580-1024x768.jpg 1024w, http:\/\/design.albidesign.de\/wp-content\/uploads\/2020\/11\/IMG_7580-300x225.jpg 300w, http:\/\/design.albidesign.de\/wp-content\/uploads\/2020\/11\/IMG_7580-768x576.jpg 768w\" sizes=\"(max-width: 706px) 89vw, (max-width: 767px) 82vw, 740px\" \/><\/figure><\/li><li class=\"blocks-gallery-item\"><figure><img loading=\"lazy\" width=\"1024\" height=\"768\" src=\"http:\/\/design.albidesign.de\/wp-content\/uploads\/2020\/11\/IMG_7579-1024x768.jpg\" alt=\"\" data-id=\"110\" data-link=\"http:\/\/design.albidesign.de\/?attachment_id=110\" class=\"wp-image-110\" srcset=\"http:\/\/design.albidesign.de\/wp-content\/uploads\/2020\/11\/IMG_7579-1024x768.jpg 1024w, http:\/\/design.albidesign.de\/wp-content\/uploads\/2020\/11\/IMG_7579-300x225.jpg 300w, http:\/\/design.albidesign.de\/wp-content\/uploads\/2020\/11\/IMG_7579-768x576.jpg 768w\" sizes=\"(max-width: 706px) 89vw, (max-width: 767px) 82vw, 740px\" \/><\/figure><\/li><li class=\"blocks-gallery-item\"><figure><img loading=\"lazy\" width=\"1024\" height=\"544\" src=\"http:\/\/design.albidesign.de\/wp-content\/uploads\/2020\/11\/IMG_7578-e1606423336611-1024x544.jpg\" alt=\"Motiv des Produkts\" data-id=\"109\" data-link=\"http:\/\/design.albidesign.de\/?attachment_id=109\" class=\"wp-image-109\" srcset=\"http:\/\/design.albidesign.de\/wp-content\/uploads\/2020\/11\/IMG_7578-e1606423336611-1024x544.jpg 1024w, http:\/\/design.albidesign.de\/wp-content\/uploads\/2020\/11\/IMG_7578-e1606423336611-300x159.jpg 300w, http:\/\/design.albidesign.de\/wp-content\/uploads\/2020\/11\/IMG_7578-e1606423336611-768x408.jpg 768w\" sizes=\"(max-width: 706px) 89vw, (max-width: 767px) 82vw, 740px\" \/><\/figure><\/li><li class=\"blocks-gallery-item\"><figure><img loading=\"lazy\" width=\"1024\" height=\"768\" src=\"http:\/\/design.albidesign.de\/wp-content\/uploads\/2020\/11\/IMG_7582-1024x768.jpg\" alt=\"\" data-id=\"114\" data-link=\"http:\/\/design.albidesign.de\/?attachment_id=114\" class=\"wp-image-114\" srcset=\"http:\/\/design.albidesign.de\/wp-content\/uploads\/2020\/11\/IMG_7582-1024x768.jpg 1024w, http:\/\/design.albidesign.de\/wp-content\/uploads\/2020\/11\/IMG_7582-300x225.jpg 300w, http:\/\/design.albidesign.de\/wp-content\/uploads\/2020\/11\/IMG_7582-768x576.jpg 768w\" sizes=\"(max-width: 706px) 89vw, (max-width: 767px) 82vw, 740px\" \/><\/figure><\/li><\/ul><\/figure>\n","protected":false},"excerpt":{"rendered":"<p>albidesign.de erstellt Ihnen individuelle Textilbeschriftungen: &#8211; Sie m\u00f6chten ein individuelles T-Shirt \u2026 &#8211; Sie ben\u00f6tigen ihr Firmenlogo als Beflockung\u2026 &#8211; Sie ben\u00f6tigen eine Individualisierung ihrer Arbeitskleidung&#8230; &#8211; Sie haben eine Idee f\u00fcr ihre n\u00e4chste Veranstaltung \u2026 &#8211; Sie brauchen dringend ein kreatives Geschenk&#8230; &#8211; Sie ben\u00f6tigen kurzfristig eine Umsetzung \u2026. \u2026 albidesign.de bietet ihnen ma\u00dfgeschneiderte &hellip; <\/p>\n<p class=\"link-more\"><a href=\"http:\/\/design.albidesign.de\/?page_id=101\" class=\"more-link\"><span class=\"screen-reader-text\">\u201eFlexfolien\u201c<\/span> weiterlesen<\/a><\/p>\n","protected":false},"author":1,"featured_media":109,"parent":0,"menu_order":0,"comment_status":"closed","ping_status":"closed","template":"","meta":[],"_links":{"self":[{"href":"http:\/\/design.albidesign.de\/index.php?rest_route=\/wp\/v2\/pages\/101"}],"collection":[{"href":"http:\/\/design.albidesign.de\/index.php?rest_route=\/wp\/v2\/pages"}],"about":[{"href":"http:\/\/design.albidesign.de\/index.php?rest_route=\/wp\/v2\/types\/page"}],"author":[{"embeddable":true,"href":"http:\/\/design.albidesign.de\/index.php?rest_route=\/wp\/v2\/users\/1"}],"replies":[{"embeddable":true,"href":"http:\/\/design.albidesign.de\/index.php?rest_route=%2Fwp%2Fv2%2Fcomments&post=101"}],"version-history":[{"count":6,"href":"http:\/\/design.albidesign.de\/index.php?rest_route=\/wp\/v2\/pages\/101\/revisions"}],"predecessor-version":[{"id":130,"href":"http:\/\/design.albidesign.de\/index.php?rest_route=\/wp\/v2\/pages\/101\/revisions\/130"}],"wp:featuredmedia":[{"embeddable":true,"href":"http:\/\/design.albidesign.de\/index.php?rest_route=\/wp\/v2\/media\/109"}],"wp:attachment":[{"href":"http:\/\/design.albidesign.de\/index.php?rest_route=%2Fwp%2Fv2%2Fmedia&parent=101"}],"curies":[{"name":"wp","href":"https:\/\/api.w.org\/{rel}","templated":true}]}}